{"id":19,"date":"2018-04-05T04:03:00","date_gmt":"2018-04-05T06:03:00","guid":{"rendered":"http:\/\/darnilda.lt\/?page_id=19"},"modified":"2019-12-03T05:20:32","modified_gmt":"2019-12-03T07:20:32","slug":"pagrindinis","status":"publish","type":"page","link":"https:\/\/darnilda.lt\/en\/","title":{"rendered":"Main"},"content":{"rendered":"<p><\/p>\n<h1 class=\"site-description\" style=\"text-align: center;\">Darnilda<\/h1>\n<p>U\u017edaroji akcin\u0117 bendrov\u0117 \u201eDarnilda\u201c\u00a0\u00a0\u012fkurta 2003 m. Pagrindin\u0117s \u012fmon\u0117s verslo kryptys yra technini\u0173 audini\u0173, si\u016bl\u0173, filtr\u0173 bei kit\u0173 \u012fvairaus assortimento preki\u0173, skirt\u0173 pramon\u0117s \u012fmoni\u0173 reikm\u0117ms, prekyba. Taip pat\u00a0 \u012fmon\u0117 gamina\u00a0\u012fvairi\u0173 tip\u0173 filtrus oro, skys\u010di\u0173 filtravimui pagal individualius kiekvieno kliento poreikius\u00a0 tiekimu \u012fmon\u0117ms. M\u016bs\u0173 daugiame\u010dio s\u0117kmingo darbo pagrindinis principas ir garantija yra individualus po\u017ei\u016bris \u012f kiekvien\u0105 klient\u0105.\u00a0M\u016bs\u0173 firma dinami\u0161kai vystosi ir pastoviai ple\u010dia savo asortiment\u0105, \u0161iuo metu si\u016blome daugiau, nei 500 technini\u0173 audini\u0173 artikul\u0173 \u012fvairioms pramon\u0117s sritims. U\u017edaroji akcin\u0117 bendrov\u0117 \u201eDarnilda\u201c yra pasaulyje pla\u010diai \u017einomo \u0161veicarijos koncerno SEFAR, kuris tiekia pramon\u0117s \u012fmon\u0117ms plat\u0173 filtravimo audini\u0173, filtr\u0173 ir kit\u0173 komplektuojan\u010di\u0173 detali\u0173 assortiment\u0105, \u00a0oficialus atstovas Lietuvoje.<\/p>","protected":false},"excerpt":{"rendered":"<p>Darnilda U\u017edaroji akcin\u0117 bendrov\u0117 \u201eDarnilda\u201c\u00a0\u00a0\u012fkurta 2003 m. Pagrindin\u0117s \u012fmon\u0117s verslo kryptys yra technini\u0173 audini\u0173, si\u016bl\u0173, filtr\u0173 bei kit\u0173 \u012fvairaus assortimento preki\u0173, skirt\u0173 pramon\u0117s \u012fmoni\u0173 reikm\u0117ms, prekyba. Taip pat\u00a0 \u012fmon\u0117 gamina\u00a0\u012fvairi\u0173 tip\u0173 filtrus oro, skys\u010di\u0173 filtravimui pagal individualius kiekvieno kliento poreikius\u00a0 tiekimu \u012fmon\u0117ms. M\u016bs\u0173 daugiame\u010dio s\u0117kmingo darbo pagrindinis principas ir garantija yra individualus po\u017ei\u016bris \u012f kiekvien\u0105 [&hellip;]<\/p>\n","protected":false},"author":1,"featured_media":0,"parent":0,"menu_order":0,"comment_status":"closed","ping_status":"closed","template":"","meta":[],"_links":{"self":[{"href":"https:\/\/darnilda.lt\/en\/wp-json\/wp\/v2\/pages\/19"}],"collection":[{"href":"https:\/\/darnilda.lt\/en\/wp-json\/wp\/v2\/pages"}],"about":[{"href":"https:\/\/darnilda.lt\/en\/wp-json\/wp\/v2\/types\/page"}],"author":[{"embeddable":true,"href":"https:\/\/darnilda.lt\/en\/wp-json\/wp\/v2\/users\/1"}],"replies":[{"embeddable":true,"href":"https:\/\/darnilda.lt\/en\/wp-json\/wp\/v2\/comments?post=19"}],"version-history":[{"count":23,"href":"https:\/\/darnilda.lt\/en\/wp-json\/wp\/v2\/pages\/19\/revisions"}],"predecessor-version":[{"id":659,"href":"https:\/\/darnilda.lt\/en\/wp-json\/wp\/v2\/pages\/19\/revisions\/659"}],"wp:attachment":[{"href":"https:\/\/darnilda.lt\/en\/wp-json\/wp\/v2\/media?parent=19"}],"curies":[{"name":"wp","href":"https:\/\/api.w.org\/{rel}","templated":true}]}}