{"id":11,"date":"2018-04-05T03:56:43","date_gmt":"2018-04-05T05:56:43","guid":{"rendered":"http:\/\/darnilda.lt\/?page_id=11"},"modified":"2019-12-04T09:50:19","modified_gmt":"2019-12-04T11:50:19","slug":"kontaktai","status":"publish","type":"page","link":"https:\/\/darnilda.lt\/en\/kontaktai\/","title":{"rendered":"Contacts"},"content":{"rendered":"<p>El. pa\u0161tas:\u00a0<a href=\"mailto:darnilda@gmail.com\">darnilda@gmail.com<\/a><br \/>\nTelefonas:\u00a0<a href=\"tel:+370 37 230783\">+370 37 230783<\/a><br \/>\nMobilus:\u00a0<a href=\"tel:+370 686 70178\">+370 686 70178<\/a><br \/>\nAdresas: Nemuno g. 25-1a, LT-44295 Kaunas<\/p>\n<p>Faktinis \u012fmon\u0117s veiklos adresas: Luok\u0117s g. 5\u00a0LT-48258 Kaunas<\/p>\n","protected":false},"excerpt":{"rendered":"<p>El. pa\u0161tas:\u00a0darnilda@gmail.com Telefonas:\u00a0+370 37 230783 Mobilus:\u00a0+370 686 70178 Adresas: Nemuno g. 25-1a, LT-44295 Kaunas Faktinis \u012fmon\u0117s veiklos adresas: Luok\u0117s g. 5\u00a0LT-48258 Kaunas<\/p>\n","protected":false},"author":1,"featured_media":0,"parent":0,"menu_order":0,"comment_status":"closed","ping_status":"closed","template":"","meta":[],"_links":{"self":[{"href":"https:\/\/darnilda.lt\/en\/wp-json\/wp\/v2\/pages\/11"}],"collection":[{"href":"https:\/\/darnilda.lt\/en\/wp-json\/wp\/v2\/pages"}],"about":[{"href":"https:\/\/darnilda.lt\/en\/wp-json\/wp\/v2\/types\/page"}],"author":[{"embeddable":true,"href":"https:\/\/darnilda.lt\/en\/wp-json\/wp\/v2\/users\/1"}],"replies":[{"embeddable":true,"href":"https:\/\/darnilda.lt\/en\/wp-json\/wp\/v2\/comments?post=11"}],"version-history":[{"count":11,"href":"https:\/\/darnilda.lt\/en\/wp-json\/wp\/v2\/pages\/11\/revisions"}],"predecessor-version":[{"id":721,"href":"https:\/\/darnilda.lt\/en\/wp-json\/wp\/v2\/pages\/11\/revisions\/721"}],"wp:attachment":[{"href":"https:\/\/darnilda.lt\/en\/wp-json\/wp\/v2\/media?parent=11"}],"curies":[{"name":"wp","href":"https:\/\/api.w.org\/{rel}","templated":true}]}}